{"id":7,"date":"2022-02-22T14:48:54","date_gmt":"2022-02-22T13:48:54","guid":{"rendered":"http:\/\/ostrakanalstaden.se\/?page_id=7"},"modified":"2022-04-25T15:06:57","modified_gmt":"2022-04-25T13:06:57","slug":"ostra-kanalstaden","status":"publish","type":"page","link":"http:\/\/ostrakanalstaden.se\/","title":{"rendered":"\u00d6stra Kanalstaden"},"content":{"rendered":"\t\t<div data-elementor-type=\"wp-page\" data-elementor-id=\"7\" class=\"elementor elementor-7\" data-elementor-settings=\"[]\">\n\t\t\t\t\t\t\t<div class=\"elementor-section-wrap\">\n\t\t\t\t\t\t\t<section class=\"elementor-section elementor-top-section elementor-element elementor-element-2f1942b elementor-section-full_width elementor-section-height-default elementor-section-height-default\" data-id=\"2f1942b\" data-element_type=\"section\" id=\"logo-section\" data-settings=\"{&quot;jet_parallax_layout_list&quot;:[]}\">\n\t\t\t\t\t\t<div class=\"elementor-container elementor-column-gap-no\">\n\t\t\t\t\t<div class=\"elementor-column elementor-col-100 elementor-top-column elementor-element elementor-element-e98c053\" data-id=\"e98c053\" data-element_type=\"column\">\n\t\t\t<div class=\"elementor-widget-wrap elementor-element-populated\">\n\t\t\t\t\t\t\t\t<div class=\"elementor-element elementor-element-b4e92e4 index-logo elementor-widget elementor-widget-jet-inline-svg\" data-id=\"b4e92e4\" data-element_type=\"widget\" data-widget_type=\"jet-inline-svg.default\">\n\t\t\t\t<div class=\"elementor-widget-container\">\n\t\t\t<div class=\"elementor-jet-inline-svg jet-elements\"><div class=\"jet-inline-svg__wrapper\"><div class=\"jet-inline-svg jet-inline-svg--custom-width\"><div class=\"jet-inline-svg__inner\"><?xml version=\"1.0\" encoding=\"UTF-8\"?> <!-- Generator: Adobe Illustrator 26.0.3, SVG Export Plug-In . SVG Version: 6.00 Build 0) --> <svg preserveAspectRatio=\"none\" xmlns=\"http:\/\/www.w3.org\/2000\/svg\" xmlns:xlink=\"http:\/\/www.w3.org\/1999\/xlink\" version=\"1.1\" id=\"Lager_1\" x=\"0px\" y=\"0px\" viewBox=\"0 0 458.2 252.3\" style=\"enable-background:new 0 0 458.2 252.3;\" xml:space=\"preserve\"> <style type=\"text\/css\"> .st0{fill:#BDA170;} .st1{fill:#FFFFFF;} <\/style> <rect class=\"st0\" width=\"458.2\" height=\"252.3\"><\/rect> <g> <g> <path class=\"st1\" d=\"M232.9,71.9L232.9,71.9l-89.7,0c11.7,0,21.5,7.5,25.2,18c0.4,1.2,1,3.4,1,7.2v39.9l-46-65.2H90 c11.1,0,17.2,4.6,20.5,8.6c1.8,2.2,3.9,4.9,3.9,8.5v44.3c0,2.2,0,3.5-0.1,5.5c-0.2,9.9-8.1,18.1-17.9,19.1c-0.5,0-1.8,0.1-1.9,0.1 c-10.7,0-18.9-8.7-19.7-19.2c-0.1-1.6-0.1-3.4-0.1-5.6V133V60.2c0-5.8,1.1-9,1.9-10.8c4-8.6,15.6-14.5,25.6-14.5H31.3 c10.1,0,21.6,5.9,25.6,14.5c0.8,1.8,1.9,5.1,1.9,10.8v73c0,5.8-1.1,9-1.9,10.8c-4,8.6-15.5,14.5-25.6,14.5H90h12.3h38.1 c-10.1,0-18.5-5.9-22.5-14.4c-0.8-1.8-1.9-5.1-1.9-10.8V87l50.5,71.5h4.4c0,0,0-57.6,0-61.4c0-1.4,0.2-11.7,0.2-11.7 c0-7.2,5.8-13,13-13c1.6,0,3.2,0.3,4.6,0.8c0.1,0.1,0.3,0.1,0.4,0.1c4.7,2,8,6.6,8,12c0,0,0,0.4,0,1v57.7c0,8-6.4,14.4-14.4,14.4 h50.1v0c23.6-0.3,42.6-14.7,42.6-43.3C275.4,86.6,256.4,72.1,232.9,71.9z M238.4,155.4c-1.3,0.6-3.2,1.6-7.2,1.6c-4,0-6.3,0-9,0 c-2.7,0-4.7-1.1-5.5-1.8c-3.2-2.6-5.2-6.6-5.2-11.1V86.3c0-4.5,2.1-8.5,5.3-11.2c0.8-0.7,2.7-1.8,5.4-1.8c2.7,0,5.1,0,9,0 c3.9,0,5.9,0.9,7.2,1.5c13.1,6.2,20.9,21.1,20.9,40.3C259.2,134.3,251.5,149.3,238.4,155.4z\"><\/path> <path class=\"st1\" d=\"M402.4,144.1l-25.5-35.7l10.5-14.9c0,0,1.5-2.1,2.8-3.6c1.3-1.5,2.3-2.4,3.7-3.6c10.1-8.5,23-14.4,33.1-14.4 h-50.4c10,0,14.5,5.9,12.5,14.4c-0.3,1.4-0.8,2.7-1.6,4.1c-0.8,1.4-2,3.1-2,3.1l-9.5,13.5l-15.5-22c-4.6-7.3-2.3-13.2,5.2-13.2 h-97.3c8,0,14.4,6.5,14.4,14.4v57.8c0,8-6.4,14.4-14.4,14.4h97.4c-10,0-14.5-5.9-12.5-14.4c0.3-1.4,1.2-3.3,2.1-5 c0.6-1,1.5-2.4,1.5-2.4l11-15.6l17.4,24.2c4.6,7.3,2.3,13.2-5.2,13.2H427C419.1,158.5,408.4,151.9,402.4,144.1z M355,136.8 c0,0-0.5,0.7-1.1,1.5c-2.2,2.7-4.1,4.6-5.5,5.8c-1.4,1.2-2.9,2.3-4.5,3.3c-3,2-6.4,3.8-9.8,5.4c-1.2,0.5-2.5,0.9-3.7,1.3 c-6.3,1.9-12.6,2.6-16.9,2.8c-0.5,0-0.9,0-1.3,0.1c-1.5,0-2.9,0-4.2,0c-2.8,0-5-1.3-5.9-2.1c-3-2.6-4.9-6.5-4.9-10.8v-28.6 c0,0,5.6,0,8.9,0c3.3,0,6.2,0.7,7.2,1.2c7.4,3.4,12.6,10.9,12.6,19.7V93c0,8.7-5.2,16.3-12.6,19.7c-1.1,0.5-3.9,1.2-7.3,1.2 c-3.3,0-8.9,0-8.9,0V86.3c0-4.3,1.9-8.2,4.9-10.8c0.9-0.8,3.2-2.1,6-2.1c2,0,4.5,0,7.4,0c1.2,0,2.8,0.1,4.6,0.4 c3,0.4,6.6,1.1,10.2,2.4c1.9,0.7,3.8,1.6,5.6,2.6c2.9,2.2,5.6,4.8,7.7,7.5l0.5,0.7l23,32.8L355,136.8z\"><\/path> <\/g> <g> <polygon class=\"st1\" points=\"400.3,173 368.4,217.4 373,217.4 405,173 \"><\/polygon> <\/g> <g> <g> <path class=\"st1\" d=\"M71.9,207.9l-6-8.9h-5.4v8.9h-4.3v-25.6h10.9c5.6,0,9.1,3.1,9.1,8.1c0,4.2-2.4,6.8-5.8,7.8l6.6,9.7H71.9z M66.7,186.4h-6.2v8.6h6.3c3.1,0,5-1.7,5-4.3C71.8,187.9,69.9,186.4,66.7,186.4z\"><\/path> <path class=\"st1\" d=\"M111.8,186.3H98v6.7h12.2v4H98v6.9h14v4H93.7v-25.6h18.1V186.3z\"><\/path> <path class=\"st1\" d=\"M138.7,193.1c5.2,1.3,7.8,3.3,7.8,7.5c0,4.8-3.6,7.7-8.7,7.7c-3.7,0-7.2-1.4-10.2-4.1l2.6-3.2 c2.3,2.1,4.7,3.3,7.7,3.3c2.6,0,4.3-1.3,4.3-3.3c0-1.9-1-2.9-5.5-3.9c-5.2-1.3-8.1-2.9-8.1-7.7c0-4.5,3.5-7.5,8.3-7.5 c3.6,0,6.4,1.1,8.8,3.2l-2.3,3.4c-2.2-1.7-4.4-2.6-6.6-2.6c-2.5,0-4,1.4-4,3.1C132.9,191,134,191.9,138.7,193.1z\"><\/path> <path class=\"st1\" d=\"M168.4,182.3v25.6h-4.3v-25.6H168.4z\"><\/path> <path class=\"st1\" d=\"M196.3,207.9h-9.1v-25.6h9.1c7.7,0,13,5.5,13,12.8C209.3,202.3,204,207.9,196.3,207.9z M196.3,186.4h-4.8 v17.4h4.8c5.1,0,8.5-3.6,8.5-8.7S201.4,186.4,196.3,186.4z\"><\/path> <path class=\"st1\" d=\"M244.8,186.3H231v6.7h12.2v4H231v6.9h14v4h-18.2v-25.6h18.1V186.3z\"><\/path> <path class=\"st1\" d=\"M279.4,182.3h4.2v25.6H280l-13.4-18.2v18.2h-4.2v-25.6h4l13.1,17.7V182.3z\"><\/path> <path class=\"st1\" d=\"M313.5,208.3c-7.1,0-12.4-5.8-12.4-13.2c0-7.3,5.2-13.3,12.6-13.3c4.5,0,7.2,1.6,9.5,4l-2.8,3.3 c-1.9-1.9-4-3.2-6.8-3.2c-4.7,0-8,4-8,9.1c0,5,3.4,9.1,8,9.1c3,0,4.9-1.3,7-3.3l2.8,2.9C320.8,206.6,318,208.3,313.5,208.3z\"><\/path> <path class=\"st1\" d=\"M358.2,186.3h-13.8v6.7h12.2v4h-12.2v6.9h14v4h-18.2v-25.6h18.1V186.3z\"><\/path> <\/g> <\/g> <\/g> <\/svg> <\/div><\/div><\/div><\/div>\t\t<\/div>\n\t\t\t\t<\/div>\n\t\t\t\t\t<\/div>\n\t\t<\/div>\n\t\t\t\t\t\t\t<\/div>\n\t\t<\/section>\n\t\t\t\t<section class=\"elementor-section elementor-top-section elementor-element elementor-element-830eef0 elementor-section-height-min-height index-frame elementor-section-boxed elementor-section-height-default elementor-section-items-middle\" data-id=\"830eef0\" data-element_type=\"section\" data-settings=\"{&quot;background_background&quot;:&quot;classic&quot;,&quot;jet_parallax_layout_list&quot;:[]}\">\n\t\t\t\t\t\t<div class=\"elementor-container elementor-column-gap-no\">\n\t\t\t\t\t<div class=\"elementor-column elementor-col-100 elementor-top-column elementor-element elementor-element-27d0e39 form-col\" data-id=\"27d0e39\" data-element_type=\"column\">\n\t\t\t<div class=\"elementor-widget-wrap elementor-element-populated\">\n\t\t\t\t\t\t\t\t<section class=\"elementor-section elementor-inner-section elementor-element elementor-element-4dc75a7 elementor-section-full_width elementor-section-height-default elementor-section-height-default\" data-id=\"4dc75a7\" data-element_type=\"section\" data-settings=\"{&quot;jet_parallax_layout_list&quot;:[]}\">\n\t\t\t\t\t\t<div class=\"elementor-container elementor-column-gap-no\">\n\t\t\t\t\t<div class=\"elementor-column elementor-col-100 elementor-inner-column elementor-element elementor-element-da53bb0\" data-id=\"da53bb0\" data-element_type=\"column\" data-settings=\"{&quot;background_background&quot;:&quot;classic&quot;}\">\n\t\t\t<div class=\"elementor-widget-wrap elementor-element-populated\">\n\t\t\t\t\t\t\t\t<div class=\"elementor-element elementor-element-a51dbb7 elementor-widget elementor-widget-heading\" data-id=\"a51dbb7\" data-element_type=\"widget\" data-widget_type=\"heading.default\">\n\t\t\t\t<div class=\"elementor-widget-container\">\n\t\t\t<style>\/*! elementor - v3.5.5 - 03-02-2022 *\/\n.elementor-heading-title{padding:0;margin:0;line-height:1}.elementor-widget-heading .elementor-heading-title[class*=elementor-size-]>a{color:inherit;font-size:inherit;line-height:inherit}.elementor-widget-heading .elementor-heading-title.elementor-size-small{font-size:15px}.elementor-widget-heading .elementor-heading-title.elementor-size-medium{font-size:19px}.elementor-widget-heading .elementor-heading-title.elementor-size-large{font-size:29px}.elementor-widget-heading .elementor-heading-title.elementor-size-xl{font-size:39px}.elementor-widget-heading .elementor-heading-title.elementor-size-xxl{font-size:59px}<\/style><h2 class=\"elementor-heading-title elementor-size-default\">\u00d6STRA KANALSTADEN<\/h2>\t\t<\/div>\n\t\t\t\t<\/div>\n\t\t\t\t\t<\/div>\n\t\t<\/div>\n\t\t\t\t\t\t\t<\/div>\n\t\t<\/section>\n\t\t\t\t<section class=\"elementor-section elementor-inner-section elementor-element elementor-element-81ee4c8 elementor-section-full_width elementor-section-height-default elementor-section-height-default\" data-id=\"81ee4c8\" data-element_type=\"section\" data-settings=\"{&quot;jet_parallax_layout_list&quot;:[]}\">\n\t\t\t\t\t\t<div class=\"elementor-container elementor-column-gap-no\">\n\t\t\t\t\t<div class=\"elementor-column elementor-col-100 elementor-inner-column elementor-element elementor-element-fd3077a\" data-id=\"fd3077a\" data-element_type=\"column\" data-settings=\"{&quot;background_background&quot;:&quot;classic&quot;}\">\n\t\t\t<div class=\"elementor-widget-wrap elementor-element-populated\">\n\t\t\t\t\t\t\t\t<div class=\"elementor-element elementor-element-3754411 elementor-widget elementor-widget-text-editor\" data-id=\"3754411\" data-element_type=\"widget\" data-widget_type=\"text-editor.default\">\n\t\t\t\t<div class=\"elementor-widget-container\">\n\t\t\t<style>\/*! elementor - v3.5.5 - 03-02-2022 *\/\n.elementor-widget-text-editor.elementor-drop-cap-view-stacked .elementor-drop-cap{background-color:#818a91;color:#fff}.elementor-widget-text-editor.elementor-drop-cap-view-framed .elementor-drop-cap{color:#818a91;border:3px solid;background-color:transparent}.elementor-widget-text-editor:not(.elementor-drop-cap-view-default) .elementor-drop-cap{margin-top:8px}.elementor-widget-text-editor:not(.elementor-drop-cap-view-default) .elementor-drop-cap-letter{width:1em;height:1em}.elementor-widget-text-editor .elementor-drop-cap{float:left;text-align:center;line-height:1;font-size:50px}.elementor-widget-text-editor .elementor-drop-cap-letter{display:inline-block}<\/style>\t\t\t\t<p>Jag \u00e4r intresserad av bostad i \u00d6stra Kanalstaden och vill g\u00e4rna anm\u00e4la mig till nyhetsbrev och mer information.<\/p>\t\t\t\t\t\t<\/div>\n\t\t\t\t<\/div>\n\t\t\t\t<div class=\"elementor-element elementor-element-ea248bb form elementor-button-align-stretch elementor-widget elementor-widget-form\" data-id=\"ea248bb\" data-element_type=\"widget\" data-settings=\"{&quot;step_next_label&quot;:&quot;N\\u00e4sta&quot;,&quot;step_previous_label&quot;:&quot;F\\u00f6reg\\u00e5ende&quot;,&quot;button_width&quot;:&quot;100&quot;,&quot;step_type&quot;:&quot;number_text&quot;,&quot;step_icon_shape&quot;:&quot;circle&quot;}\" data-widget_type=\"form.default\">\n\t\t\t\t<div class=\"elementor-widget-container\">\n\t\t\t<style>\/*! elementor-pro - v3.6.2 - 14-02-2022 *\/\n.elementor-button.elementor-hidden,.elementor-hidden{display:none}.e-form__step{width:100%}.e-form__step:not(.elementor-hidden){display:-webkit-box;display:-ms-flexbox;display:flex;-ms-flex-wrap:wrap;flex-wrap:wrap}.e-form__buttons{-ms-flex-wrap:wrap;flex-wrap:wrap}.e-form__buttons,.e-form__buttons__wrapper{display:-webkit-box;display:-ms-flexbox;display:flex}.e-form__indicators{-webkit-box-pack:justify;-ms-flex-pack:justify;justify-content:space-between;-ms-flex-wrap:nowrap;flex-wrap:nowrap;font-size:13px;margin-bottom:var(--e-form-steps-indicators-spacing)}.e-form__indicators,.e-form__indicators__indicator{display:-webkit-box;display:-ms-flexbox;display:flex;-webkit-box-align:center;-ms-flex-align:center;align-items:center}.e-form__indicators__indicator{-webkit-box-orient:vertical;-webkit-box-direction:normal;-ms-flex-direction:column;flex-direction:column;-webkit-box-pack:center;-ms-flex-pack:center;justify-content:center;-ms-flex-preferred-size:0;flex-basis:0;padding:0 var(--e-form-steps-divider-gap)}.e-form__indicators__indicator__progress{width:100%;position:relative;background-color:var(--e-form-steps-indicator-progress-background-color);border-radius:var(--e-form-steps-indicator-progress-border-radius);overflow:hidden}.e-form__indicators__indicator__progress__meter{width:var(--e-form-steps-indicator-progress-meter-width,0);height:var(--e-form-steps-indicator-progress-height);line-height:var(--e-form-steps-indicator-progress-height);padding-right:15px;border-radius:var(--e-form-steps-indicator-progress-border-radius);background-color:var(--e-form-steps-indicator-progress-color);color:var(--e-form-steps-indicator-progress-meter-color);text-align:right;-webkit-transition:width .1s linear;-o-transition:width .1s linear;transition:width .1s linear}.e-form__indicators__indicator:first-child{padding-left:0}.e-form__indicators__indicator:last-child{padding-right:0}.e-form__indicators__indicator--state-inactive{color:var(--e-form-steps-indicator-inactive-primary-color,#c2cbd2)}.e-form__indicators__indicator--state-inactive [class*=indicator--shape-]:not(.e-form__indicators__indicator--shape-none){background-color:var(--e-form-steps-indicator-inactive-secondary-color,#fff)}.e-form__indicators__indicator--state-inactive object,.e-form__indicators__indicator--state-inactive svg{fill:var(--e-form-steps-indicator-inactive-primary-color,#c2cbd2)}.e-form__indicators__indicator--state-active{color:var(--e-form-steps-indicator-active-primary-color,#39b54a);border-color:var(--e-form-steps-indicator-active-secondary-color,#fff)}.e-form__indicators__indicator--state-active [class*=indicator--shape-]:not(.e-form__indicators__indicator--shape-none){background-color:var(--e-form-steps-indicator-active-secondary-color,#fff)}.e-form__indicators__indicator--state-active object,.e-form__indicators__indicator--state-active svg{fill:var(--e-form-steps-indicator-active-primary-color,#39b54a)}.e-form__indicators__indicator--state-completed{color:var(--e-form-steps-indicator-completed-secondary-color,#fff)}.e-form__indicators__indicator--state-completed [class*=indicator--shape-]:not(.e-form__indicators__indicator--shape-none){background-color:var(--e-form-steps-indicator-completed-primary-color,#39b54a)}.e-form__indicators__indicator--state-completed .e-form__indicators__indicator__label{color:var(--e-form-steps-indicator-completed-primary-color,#39b54a)}.e-form__indicators__indicator--state-completed .e-form__indicators__indicator--shape-none{color:var(--e-form-steps-indicator-completed-primary-color,#39b54a);background-color:initial}.e-form__indicators__indicator--state-completed object,.e-form__indicators__indicator--state-completed svg{fill:var(--e-form-steps-indicator-completed-secondary-color,#fff)}.e-form__indicators__indicator__icon{width:var(--e-form-steps-indicator-padding,30px);height:var(--e-form-steps-indicator-padding,30px);font-size:var(--e-form-steps-indicator-icon-size);border-width:1px;border-style:solid;display:-webkit-box;display:-ms-flexbox;display:flex;-webkit-box-pack:center;-ms-flex-pack:center;justify-content:center;-webkit-box-align:center;-ms-flex-align:center;align-items:center;overflow:hidden;margin-bottom:10px}.e-form__indicators__indicator__icon img,.e-form__indicators__indicator__icon object,.e-form__indicators__indicator__icon svg{width:var(--e-form-steps-indicator-icon-size);height:auto}.e-form__indicators__indicator__icon .e-font-icon-svg{height:1em}.e-form__indicators__indicator__number{width:var(--e-form-steps-indicator-padding,30px);height:var(--e-form-steps-indicator-padding,30px);border-width:1px;border-style:solid;display:-webkit-box;display:-ms-flexbox;display:flex;-webkit-box-pack:center;-ms-flex-pack:center;justify-content:center;-webkit-box-align:center;-ms-flex-align:center;align-items:center;margin-bottom:10px}.e-form__indicators__indicator--shape-circle{border-radius:50%}.e-form__indicators__indicator--shape-square{border-radius:0}.e-form__indicators__indicator--shape-rounded{border-radius:5px}.e-form__indicators__indicator--shape-none{border:0}.e-form__indicators__indicator__label{text-align:center}.e-form__indicators__indicator__separator{width:100%;height:var(--e-form-steps-divider-width);background-color:#c2cbd2}.e-form__indicators--type-icon,.e-form__indicators--type-icon_text,.e-form__indicators--type-number,.e-form__indicators--type-number_text{-webkit-box-align:start;-ms-flex-align:start;align-items:flex-start}.e-form__indicators--type-icon .e-form__indicators__indicator__separator,.e-form__indicators--type-icon_text .e-form__indicators__indicator__separator,.e-form__indicators--type-number .e-form__indicators__indicator__separator,.e-form__indicators--type-number_text .e-form__indicators__indicator__separator{margin-top:calc(var(--e-form-steps-indicator-padding, 30px) \/ 2 - var(--e-form-steps-divider-width, 1px) \/ 2)}.elementor-field-type-hidden{display:none}.elementor-field-type-html{display:inline-block}.elementor-login .elementor-lost-password,.elementor-login .elementor-remember-me{font-size:.85em}.elementor-field-type-recaptcha_v3 .elementor-field-label{display:none}.elementor-field-type-recaptcha_v3 .grecaptcha-badge{z-index:1}.elementor-button .elementor-form-spinner{-webkit-box-ordinal-group:4;-ms-flex-order:3;order:3}.elementor-form .elementor-button>span{display:-webkit-box;display:-ms-flexbox;display:flex;-webkit-box-pack:center;-ms-flex-pack:center;justify-content:center;-webkit-box-align:center;-ms-flex-align:center;align-items:center}.elementor-form .elementor-button .elementor-button-text{white-space:normal;-webkit-box-flex:0;-ms-flex-positive:0;flex-grow:0}.elementor-form .elementor-button svg{height:auto}.elementor-form .elementor-button .e-font-icon-svg{height:1em}<\/style>\t\t<form class=\"elementor-form\" method=\"post\" name=\"Nytt formul\u00e4r\">\n\t\t\t<input type=\"hidden\" name=\"post_id\" value=\"7\"\/>\n\t\t\t<input type=\"hidden\" name=\"form_id\" value=\"ea248bb\"\/>\n\t\t\t<input type=\"hidden\" name=\"referer_title\" value=\"\" \/>\n\n\t\t\t\n\t\t\t<div class=\"elementor-form-fields-wrapper elementor-labels-\">\n\t\t\t\t\t\t\t\t<div class=\"elementor-field-type-text elementor-field-group elementor-column elementor-field-group-name elementor-col-100 elementor-field-required\">\n\t\t\t\t\t\t\t\t\t\t\t\t<label for=\"form-field-name\" class=\"elementor-field-label elementor-screen-only\">\n\t\t\t\t\t\t\t\tF\u00f6rnamn\t\t\t\t\t\t\t<\/label>\n\t\t\t\t\t\t\t\t\t\t\t\t\t\t<input size=\"1\" type=\"text\" name=\"form_fields[name]\" id=\"form-field-name\" class=\"elementor-field elementor-size-sm  elementor-field-textual\" placeholder=\"F\u00f6rnamn\" required=\"required\" aria-required=\"true\">\n\t\t\t\t\t\t\t\t\t\t\t<\/div>\n\t\t\t\t\t\t\t\t<div class=\"elementor-field-type-text elementor-field-group elementor-column elementor-field-group-email elementor-col-100 elementor-field-required\">\n\t\t\t\t\t\t\t\t\t\t\t\t<label for=\"form-field-email\" class=\"elementor-field-label elementor-screen-only\">\n\t\t\t\t\t\t\t\tEfternamn\t\t\t\t\t\t\t<\/label>\n\t\t\t\t\t\t\t\t\t\t\t\t\t\t<input size=\"1\" type=\"text\" name=\"form_fields[email]\" id=\"form-field-email\" class=\"elementor-field elementor-size-sm  elementor-field-textual\" placeholder=\"Efternamn\" required=\"required\" aria-required=\"true\">\n\t\t\t\t\t\t\t\t\t\t\t<\/div>\n\t\t\t\t\t\t\t\t<div class=\"elementor-field-type-email elementor-field-group elementor-column elementor-field-group-message elementor-col-100 elementor-field-required\">\n\t\t\t\t\t\t\t\t\t\t\t\t<label for=\"form-field-message\" class=\"elementor-field-label elementor-screen-only\">\n\t\t\t\t\t\t\t\tE-post\t\t\t\t\t\t\t<\/label>\n\t\t\t\t\t\t\t\t\t\t\t\t\t\t<input size=\"1\" type=\"email\" name=\"form_fields[message]\" id=\"form-field-message\" class=\"elementor-field elementor-size-sm  elementor-field-textual\" placeholder=\"fornamn.efternamn@epost.se\" required=\"required\" aria-required=\"true\">\n\t\t\t\t\t\t\t\t\t\t\t<\/div>\n\t\t\t\t\t\t\t\t<div class=\"elementor-field-type-text elementor-field-group elementor-column elementor-field-group-field_eeb9292 elementor-col-100\">\n\t\t\t\t\t\t\t\t\t\t\t\t<label for=\"form-field-field_eeb9292\" class=\"elementor-field-label elementor-screen-only\">\n\t\t\t\t\t\t\t\tMobil\t\t\t\t\t\t\t<\/label>\n\t\t\t\t\t\t\t\t\t\t\t\t\t\t<input size=\"1\" type=\"text\" name=\"form_fields[field_eeb9292]\" id=\"form-field-field_eeb9292\" class=\"elementor-field elementor-size-sm  elementor-field-textual\" placeholder=\"07xxxxxxxx\">\n\t\t\t\t\t\t\t\t\t\t\t<\/div>\n\t\t\t\t\t\t\t\t<div class=\"elementor-field-type-acceptance elementor-field-group elementor-column elementor-field-group-field_10e627d elementor-col-100 elementor-field-required\">\n\t\t\t\t\t\t\t\t\t\t\t\t<label for=\"form-field-field_10e627d\" class=\"elementor-field-label elementor-screen-only\">\n\t\t\t\t\t\t\t\tGodk\u00e4nnande\t\t\t\t\t\t\t<\/label>\n\t\t\t\t\t\t\t\t<div class=\"elementor-field-subgroup\">\n\t\t\t<span class=\"elementor-field-option\">\n\t\t\t\t<input type=\"checkbox\" name=\"form_fields[field_10e627d]\" id=\"form-field-field_10e627d\" class=\"elementor-field elementor-size-sm  elementor-acceptance-field\" required=\"required\" aria-required=\"true\">\n\t\t\t\t<label for=\"form-field-field_10e627d\">Genom att kryssa i rutan samtycker jag till att Index Residence sparar och lagrar mina kontaktuppgifter. Syftet med att spara dina kontaktuppgifter \u00e4r f\u00f6r att vi ska kunna kontakta dig. Dessa behandlas med sekretess och i enlighet med GDPR och v\u00e5r <a href=\"https:\/\/indexinvest.com\/wp-content\/uploads\/2018\/06\/Integritets-policy-Index-Invest-International-AB.pdf\">integritetspolicy.<\/a><\/label>\t\t\t<\/span>\n\t\t<\/div>\n\t\t\t\t\t\t<\/div>\n\t\t\t\t\t\t\t\t<div class=\"elementor-field-group elementor-column elementor-field-type-submit elementor-col-100 e-form__buttons\">\n\t\t\t\t\t<button type=\"submit\" class=\"elementor-button elementor-size-sm\">\n\t\t\t\t\t\t<span >\n\t\t\t\t\t\t\t\t\t\t\t\t\t\t\t<span class=\" elementor-button-icon\">\n\t\t\t\t\t\t\t\t\t\t\t\t\t\t\t\t\t\t\t\t\t\t\t\t\t\t<\/span>\n\t\t\t\t\t\t\t\t\t\t\t\t\t\t\t\t\t\t\t\t\t\t<span class=\"elementor-button-text\">Skicka<\/span>\n\t\t\t\t\t\t\t\t\t\t\t\t\t<\/span>\n\t\t\t\t\t<\/button>\n\t\t\t\t<\/div>\n\t\t\t<\/div>\n\t\t<\/form>\n\t\t\t\t<\/div>\n\t\t\t\t<\/div>\n\t\t\t\t\t<\/div>\n\t\t<\/div>\n\t\t\t\t\t\t\t<\/div>\n\t\t<\/section>\n\t\t\t\t\t<\/div>\n\t\t<\/div>\n\t\t\t\t\t\t\t<\/div>\n\t\t<\/section>\n\t\t\t\t\t\t<\/div>\n\t\t\t\t\t<\/div>\n\t\t","protected":false},"excerpt":{"rendered":"<p>\u00d6STRA KANALSTADEN Jag \u00e4r intresserad av bostad i \u00d6stra Kanalstaden och vill g\u00e4rna anm\u00e4la mig till nyhetsbrev och mer information.<\/p>\n","protected":false},"author":1,"featured_media":11,"parent":0,"menu_order":0,"comment_status":"closed","ping_status":"closed","template":"elementor_header_footer","meta":{"footnotes":""},"class_list":["post-7","page","type-page","status-publish","has-post-thumbnail","hentry"],"_links":{"self":[{"href":"http:\/\/ostrakanalstaden.se\/index.php\/wp-json\/wp\/v2\/pages\/7","targetHints":{"allow":["GET"]}}],"collection":[{"href":"http:\/\/ostrakanalstaden.se\/index.php\/wp-json\/wp\/v2\/pages"}],"about":[{"href":"http:\/\/ostrakanalstaden.se\/index.php\/wp-json\/wp\/v2\/types\/page"}],"author":[{"embeddable":true,"href":"http:\/\/ostrakanalstaden.se\/index.php\/wp-json\/wp\/v2\/users\/1"}],"replies":[{"embeddable":true,"href":"http:\/\/ostrakanalstaden.se\/index.php\/wp-json\/wp\/v2\/comments?post=7"}],"version-history":[{"count":70,"href":"http:\/\/ostrakanalstaden.se\/index.php\/wp-json\/wp\/v2\/pages\/7\/revisions"}],"predecessor-version":[{"id":100,"href":"http:\/\/ostrakanalstaden.se\/index.php\/wp-json\/wp\/v2\/pages\/7\/revisions\/100"}],"wp:featuredmedia":[{"embeddable":true,"href":"http:\/\/ostrakanalstaden.se\/index.php\/wp-json\/wp\/v2\/media\/11"}],"wp:attachment":[{"href":"http:\/\/ostrakanalstaden.se\/index.php\/wp-json\/wp\/v2\/media?parent=7"}],"curies":[{"name":"wp","href":"https:\/\/api.w.org\/{rel}","templated":true}]}}